{"id":69,"date":"2020-01-27T08:05:29","date_gmt":"2020-01-27T08:05:29","guid":{"rendered":"https:\/\/demosites.io\/marketing-agency-gb\/?page_id=69"},"modified":"2024-09-16T14:33:00","modified_gmt":"2024-09-16T14:33:00","slug":"bcd31-portfolio","status":"publish","type":"page","link":"https:\/\/orkastextile.com\/en\/bcd31-portfolio\/","title":{"rendered":"PRODUCTION"},"content":{"rendered":"<div class=\"wp-block-cover alignfull eplus-wrapper\" style=\"min-height:300px;aspect-ratio:unset;\"><span aria-hidden=\"true\" class=\"wp-block-cover__background has-nv-dark-bg-background-color has-background-dim\"><\/span><img loading=\"lazy\" decoding=\"async\" width=\"1280\" height=\"802\" class=\"wp-block-cover__image-background wp-image-1032\" alt=\"\" src=\"https:\/\/orkastextile.com\/wp-content\/uploads\/2024\/09\/about-us-1.jpg\" data-object-fit=\"cover\" srcset=\"https:\/\/orkastextile.com\/wp-content\/uploads\/2024\/09\/about-us-1.jpg 1280w, https:\/\/orkastextile.com\/wp-content\/uploads\/2024\/09\/about-us-1-300x188.jpg 300w, https:\/\/orkastextile.com\/wp-content\/uploads\/2024\/09\/about-us-1-1024x642.jpg 1024w, https:\/\/orkastextile.com\/wp-content\/uploads\/2024\/09\/about-us-1-768x481.jpg 768w, https:\/\/orkastextile.com\/wp-content\/uploads\/2024\/09\/about-us-1-200x125.jpg 200w\" sizes=\"auto, (max-width: 1280px) 100vw, 1280px\" \/><div class=\"wp-block-cover__inner-container is-layout-flow wp-block-cover-is-layout-flow\">\n<div class=\"wp-block-group eplus-wrapper\" style=\"padding-right:var(--wp--preset--spacing--30);padding-left:var(--wp--preset--spacing--30)\"><div class=\"wp-block-group__inner-container is-layout-flow wp-block-group-is-layout-flow\">\n<h1 class=\"has-text-align-left wp-block-heading has-nv-text-dark-bg-color has-text-color eplus-wrapper\">PRODUCTION<\/h1>\n<\/div><\/div>\n<\/div><\/div>\n\n\n\n<div class=\"wp-block-cover alignfull eplus-wrapper\"><span aria-hidden=\"true\" class=\"wp-block-cover__background has-nv-site-bg-background-color has-background-dim-100 has-background-dim\"><\/span><div class=\"wp-block-cover__inner-container is-layout-flow wp-block-cover-is-layout-flow\">\n<div style=\"height:80px\" aria-hidden=\"true\" class=\"wp-block-spacer eplus-wrapper\"><\/div>\n\n\n<div class=\"wp-block-columns are-vertically-aligned-center eplus-wrapper is-layout-flex wp-container-core-columns-is-layout-9d6595d7 wp-block-columns-is-layout-flex eplus-styles-uid-84fd69\">\n<div class=\"wp-block-column is-vertically-aligned-center eplus-wrapper is-layout-flow wp-block-column-is-layout-flow\" style=\"padding-right:var(--wp--preset--spacing--30);padding-left:var(--wp--preset--spacing--30);flex-basis:50%\">\n<div style=\"height:20px\" aria-hidden=\"true\" class=\"wp-block-spacer eplus-wrapper\"><\/div>\n\n\n\n<p class=\"has-text-align-left has-nv-dark-bg-color has-text-color eplus-wrapper\">Since 2008, Orkas Textile has been producing a wide range of socks, including men\u2019s, women\u2019s, children\u2019s, and baby socks. We prioritize quality and use organic cotton, mercerized, recycled, bamboo, wool, and various other yarns.<\/p>\n<\/div>\n\n\n\n<div class=\"wp-block-column is-vertically-aligned-center eplus-wrapper is-layout-flow wp-block-column-is-layout-flow\" style=\"padding-right:var(--wp--preset--spacing--30);padding-left:var(--wp--preset--spacing--30);flex-basis:50%\">\n<figure class=\"is-style-default wp-block-image size-full has-custom-border eplus-wrapper\"><img loading=\"lazy\" decoding=\"async\" width=\"951\" height=\"570\" src=\"https:\/\/orkastextile.com\/wp-content\/uploads\/2024\/09\/production-2.jpg\" alt=\"\" class=\"wp-image-996\" style=\"border-radius:16px\" srcset=\"https:\/\/orkastextile.com\/wp-content\/uploads\/2024\/09\/production-2.jpg 951w, https:\/\/orkastextile.com\/wp-content\/uploads\/2024\/09\/production-2-300x180.jpg 300w, https:\/\/orkastextile.com\/wp-content\/uploads\/2024\/09\/production-2-768x460.jpg 768w, https:\/\/orkastextile.com\/wp-content\/uploads\/2024\/09\/production-2-200x120.jpg 200w\" sizes=\"auto, (max-width: 951px) 100vw, 951px\" \/><\/figure>\n<\/div>\n<\/div>\n\n\n<div style=\"height:50px\" aria-hidden=\"true\" class=\"wp-block-spacer eplus-wrapper\"><\/div>\n<\/div><\/div>\n\n\n\n<div class=\"eplus-wrapper wp-block-cover alignfull\"><span aria-hidden=\"true\" class=\"wp-block-cover__background has-nv-dark-bg-background-color has-background-dim-100 has-background-dim\"><\/span><div class=\"wp-block-cover__inner-container is-layout-flow wp-block-cover-is-layout-flow\">\n<div style=\"height:80px\" aria-hidden=\"true\" class=\"eplus-wrapper wp-block-spacer\"><\/div>\n\n\n<div class=\"eplus-wrapper wp-block-columns are-vertically-aligned-center is-layout-flex wp-container-core-columns-is-layout-9d6595d7 wp-block-columns-is-layout-flex eplus-styles-uid-d8045a\">\n<div class=\"eplus-wrapper wp-block-column is-vertically-aligned-center is-layout-flow wp-block-column-is-layout-flow\" style=\"padding-right:var(--wp--preset--spacing--30);padding-left:var(--wp--preset--spacing--30);flex-basis:50%\">\n<figure class=\"is-style-default eplus-wrapper wp-block-image size-full has-custom-border\"><img loading=\"lazy\" decoding=\"async\" width=\"1280\" height=\"720\" src=\"https:\/\/orkastextile.com\/wp-content\/uploads\/2024\/09\/uretim.jpg\" alt=\"\" class=\"wp-image-1226\" style=\"border-radius:16px;aspect-ratio:1;object-fit:cover\" srcset=\"https:\/\/orkastextile.com\/wp-content\/uploads\/2024\/09\/uretim.jpg 1280w, https:\/\/orkastextile.com\/wp-content\/uploads\/2024\/09\/uretim-300x169.jpg 300w, https:\/\/orkastextile.com\/wp-content\/uploads\/2024\/09\/uretim-1024x576.jpg 1024w, https:\/\/orkastextile.com\/wp-content\/uploads\/2024\/09\/uretim-768x432.jpg 768w, https:\/\/orkastextile.com\/wp-content\/uploads\/2024\/09\/uretim-200x113.jpg 200w\" sizes=\"auto, (max-width: 1280px) 100vw, 1280px\" \/><\/figure>\n<\/div>\n\n\n\n<div class=\"eplus-wrapper wp-block-column is-vertically-aligned-center is-layout-flow wp-block-column-is-layout-flow\" style=\"padding-right:var(--wp--preset--spacing--30);padding-left:var(--wp--preset--spacing--30);flex-basis:50%\">\n<div style=\"height:20px\" aria-hidden=\"true\" class=\"eplus-wrapper wp-block-spacer\"><\/div>\n\n\n\n<p class=\"eplus-wrapper has-text-align-left has-nv-site-bg-color has-text-color\">To meet customer preferences, we offer rosso and hand-linked toe seam options. We also take pride in providing high-quality, customizable packaging that adapts to our customers' needs. Our commitment to quality craftsmanship is seamlessly integrated with advanced technology, ensuring outstanding products in every detail.<\/p>\n<\/div>\n<\/div>\n\n\n<div style=\"height:50px\" aria-hidden=\"true\" class=\"eplus-wrapper wp-block-spacer\"><\/div>\n<\/div><\/div>\n\n\n\n<div class=\"wp-block-cover alignfull eplus-wrapper\" style=\"min-height:300px;aspect-ratio:unset;\"><span aria-hidden=\"true\" class=\"wp-block-cover__background has-nv-site-bg-background-color has-background-dim-100 has-background-dim\"><\/span><div class=\"wp-block-cover__inner-container is-layout-flow wp-block-cover-is-layout-flow\">\n<div style=\"height:80px\" aria-hidden=\"true\" class=\"wp-block-spacer eplus-wrapper\"><\/div>\n\n\n<div class=\"wp-block-columns eplus-wrapper is-layout-flex wp-container-core-columns-is-layout-9d6595d7 wp-block-columns-is-layout-flex eplus-styles-uid-0c372f\">\n<div class=\"wp-block-column eplus-wrapper is-layout-flow wp-block-column-is-layout-flow\" style=\"flex-basis:20%\"><\/div>\n\n\n\n<div class=\"wp-block-column eplus-wrapper is-layout-flow wp-block-column-is-layout-flow\" style=\"flex-basis:60%\">\n<div class=\"wp-block-group eplus-wrapper\"><div class=\"wp-block-group__inner-container is-layout-constrained wp-block-group-is-layout-constrained\">\n<p class=\"has-text-align-center has-nv-dark-bg-color has-text-color has-link-color eplus-wrapper wp-elements-c1f6ea39aeac5ee0d6dc4666b020dbe5\">Our dedication to quality starts with key elements: advanced machinery, electronic patterns, and a team of skilled workers. This strong combination allows us to produce socks in a wide range of colors, styles, and material compositions. By using only the finest natural yarns and fibers, we create socks that offer a quality and comfort level above industry standards.<\/p>\n\n\n\n<div class=\"wp-block-buttons eplus-wrapper is-horizontal is-content-justification-center is-layout-flex wp-container-core-buttons-is-layout-499968f5 wp-block-buttons-is-layout-flex\"><div class=\"is-style-primary wp-block-button eplus-wrapper eplus-styles-uid-4b3a4d\"><a class=\"wp-block-button__link has-nv-site-bg-color has-neve-link-color-background-color has-text-color has-background has-link-color wp-element-button\" href=\"https:\/\/orkastextile.com\/en\/bcd31-portfolio-single\/\">Check Out Products<\/a><\/div><\/div>\n<\/div><\/div>\n<\/div>\n\n\n\n<div class=\"wp-block-column eplus-wrapper is-layout-flow wp-block-column-is-layout-flow\" style=\"flex-basis:20%\"><\/div>\n<\/div>\n\n\n<div style=\"height:80px\" aria-hidden=\"true\" class=\"wp-block-spacer eplus-wrapper\"><\/div>\n<\/div><\/div>\n\n\n\n<div class=\"wp-block-group eplus-wrapper\"><div class=\"wp-block-group__inner-container is-layout-constrained wp-block-group-is-layout-constrained\">\n<h2 class=\"wp-block-heading has-text-align-center eplus-wrapper\">OUR PRODUCTION STAGES<\/h2>\n\n\n\n<div class=\"wp-block-group eplus-wrapper is-content-justification-center is-layout-flex wp-container-core-group-is-layout-64b26803 wp-block-group-is-layout-flex\">\n<figure class=\"wp-block-image size-full is-resized eplus-wrapper\"><img loading=\"lazy\" decoding=\"async\" width=\"674\" height=\"206\" src=\"https:\/\/orkastextile.com\/wp-content\/uploads\/2024\/09\/asamalar-en.png\" alt=\"\" class=\"wp-image-1267\" style=\"width:auto;height:180px\" srcset=\"https:\/\/orkastextile.com\/wp-content\/uploads\/2024\/09\/asamalar-en.png 680w, https:\/\/orkastextile.com\/wp-content\/uploads\/2024\/09\/asamalar-en-300x90.png 300w, https:\/\/orkastextile.com\/wp-content\/uploads\/2024\/09\/asamalar-en-18x5.png 18w, https:\/\/orkastextile.com\/wp-content\/uploads\/2024\/09\/asamalar-en-200x60.png 200w\" sizes=\"auto, (max-width: 674px) 100vw, 674px\" \/><\/figure>\n\n\n\n<figure class=\"wp-block-image size-full is-resized eplus-wrapper\"><img loading=\"lazy\" decoding=\"async\" width=\"498\" height=\"206\" src=\"https:\/\/orkastextile.com\/wp-content\/uploads\/2024\/09\/asamalar-en-2.png\" alt=\"\" class=\"wp-image-1268\" style=\"width:auto;height:180px\" srcset=\"https:\/\/orkastextile.com\/wp-content\/uploads\/2024\/09\/asamalar-en-2.png 530w, https:\/\/orkastextile.com\/wp-content\/uploads\/2024\/09\/asamalar-en-2-300x115.png 300w, https:\/\/orkastextile.com\/wp-content\/uploads\/2024\/09\/asamalar-en-2-18x7.png 18w, https:\/\/orkastextile.com\/wp-content\/uploads\/2024\/09\/asamalar-en-2-200x77.png 200w\" sizes=\"auto, (max-width: 498px) 100vw, 498px\" \/><\/figure>\n<\/div>\n<\/div><\/div>\n\n\n<div class=\"wp-block-columns eplus-wrapper is-layout-flex wp-container-core-columns-is-layout-88320b16 wp-block-columns-is-layout-flex eplus-styles-uid-643a9f\" style=\"padding-top:100px;padding-bottom:0px\">\n<div class=\"wp-block-column eplus-wrapper is-layout-flow wp-block-column-is-layout-flow\" style=\"flex-basis:100%\">\n<div class=\"wp-block-group eplus-wrapper\"><div class=\"wp-block-group__inner-container is-layout-constrained wp-block-group-is-layout-constrained\">\n<h2 class=\"wp-block-heading has-text-align-center eplus-wrapper\">OUR CERTIFICATES<\/h2>\n\n\n\n<div class=\"wp-block-group eplus-wrapper\"><div class=\"wp-block-group__inner-container is-layout-constrained wp-block-group-is-layout-constrained\">\n<style>.logos-slide img {\n    max-width: none;\n}\n        .logos {\n            overflow: hidden;\n            padding: 60px 0;\n            background: white;\n            white-space: nowrap;\n            position: relative;\n        }\n\n        .logos:before,\n        .logos:after {\n            position: absolute;\n            top: 0;\n            width: 250px;\n            height: 100%;\n            content: \"\";\n            z-index: 2;\n        }\n\n        .logos:before {\n            left: 0;\n            background: linear-gradient(to left, rgba(255, 255, 255, 0), white);\n        }\n\n        .logos:after {\n            right: 0;\n            background: linear-gradient(to right, rgba(255, 255, 255, 0), white);\n        }\n\n        .logos:hover .logos-slide {\n            animation-play-state: paused;\n        }\n\n        .logos-slide {\n            display: inline-block;\n            animation: 60s slide infinite linear;\n        }\n\n        .logos-slide img {\n            height: 100px;\n            margin: 0 40px;\n            transition: all 0.3s ease;\n        }\n\n        .logos-slide img:hover {\n            filter: drop-shadow(0px 0px 8px rgba(0, 0, 0, 0.3));\n            transform: scale(1.1);\n        }\n\n        @keyframes slide {\n            from {\n                transform: translateX(0);\n            }\n            to {\n                transform: translateX(-100%);\n            }\n        }\n    <\/style>\n\n    <div class=\"logos\">\n        <div class=\"logos-slide\">\n            <img decoding=\"async\" src=\"https:\/\/orkastextile.com\/wp-content\/uploads\/2024\/09\/ocs.png\" alt=\"OCS\" title=\"ocs\">\n            <img decoding=\"async\" src=\"https:\/\/orkastextile.com\/wp-content\/uploads\/2024\/09\/grs.png\" alt=\"GRS\" title=\"grs\">\n            <img decoding=\"async\" src=\"https:\/\/orkastextile.com\/wp-content\/uploads\/2024\/09\/gots.png\" alt=\"GOTS\" title=\"gots\">\n            <img decoding=\"async\" src=\"https:\/\/orkastextile.com\/wp-content\/uploads\/2024\/09\/ekoteks.png\" alt=\"Ekoteks\" title=\"ekoteks\">\n            <img decoding=\"async\" src=\"https:\/\/orkastextile.com\/wp-content\/uploads\/2024\/09\/bsci.png\" alt=\"BSCI\" title=\"bsci\">\n            <img decoding=\"async\" src=\"https:\/\/orkastextile.com\/wp-content\/uploads\/2024\/09\/bci.png\" alt=\"BCI\" title=\"BCI\">\n            <img decoding=\"async\" src=\"https:\/\/orkastextile.com\/wp-content\/uploads\/2024\/09\/amfori-.png\" alt=\"Amfori\" title=\"amfori\">\n        <\/div>\n    <\/div>\n\n    <script>\n        document.addEventListener('DOMContentLoaded', function() {\n            const slider = document.querySelector('.logos-slide');\n            const clone = slider.cloneNode(true);\n            document.querySelector('.logos').appendChild(clone);\n\n            function adjustSliderWidth() {\n                const logoWidth = slider.offsetWidth;\n                slider.style.animationDuration = `${logoWidth \/ 50}s`;\n                clone.style.animationDuration = `${logoWidth \/ 50}s`;\n            }\n\n            adjustSliderWidth();\n            window.addEventListener('resize', adjustSliderWidth);\n        });\n    <\/script>\n<\/div><\/div>\n<\/div><\/div>\n<\/div>\n<\/div>","protected":false},"excerpt":{"rendered":"<p>\u00dcRET\u0130M A\u015eAMALARIMIZ SERT\u0130F\u0130KALARIMIZ<\/p>","protected":false},"author":1,"featured_media":0,"parent":0,"menu_order":0,"comment_status":"closed","ping_status":"closed","template":"","meta":{"editor_plus_copied_stylings":"{}","neve_meta_sidebar":"full-width","neve_meta_container":"","neve_meta_enable_content_width":"on","neve_meta_content_width":100,"neve_meta_title_alignment":"","neve_meta_author_avatar":"","neve_post_elements_order":"","neve_meta_disable_header":"","neve_meta_disable_footer":"","neve_meta_disable_title":"on","_themeisle_gutenberg_block_has_review":false,"_ti_tpc_template_sync":false,"_ti_tpc_template_id":"94gtya0n2udx05knf121","footnotes":""},"class_list":["post-69","page","type-page","status-publish","hentry"],"yoast_head":"<!-- This site is optimized with the Yoast SEO plugin v23.4 - https:\/\/yoast.com\/wordpress\/plugins\/seo\/ -->\n<title>\u00dcretim - Orkas Tekstil<\/title>\n<meta name=\"robots\" content=\"index, follow, max-snippet:-1, max-image-preview:large, max-video-preview:-1\" \/>\n<link rel=\"canonical\" href=\"https:\/\/orkastextile.com\/en\/bcd31-portfolio\/\" \/>\n<meta property=\"og:locale\" content=\"en_US\" \/>\n<meta property=\"og:type\" content=\"article\" \/>\n<meta property=\"og:title\" content=\"\u00dcretim - Orkas Tekstil\" \/>\n<meta property=\"og:description\" content=\"\u00dcRET\u0130M A\u015eAMALARIMIZ SERT\u0130F\u0130KALARIMIZ\" \/>\n<meta property=\"og:url\" content=\"https:\/\/orkastextile.com\/en\/bcd31-portfolio\/\" \/>\n<meta property=\"og:site_name\" content=\"Orkas Tekstil\" \/>\n<meta property=\"article:modified_time\" content=\"2024-09-16T14:33:00+00:00\" \/>\n<meta property=\"og:image\" content=\"https:\/\/orkastextile.com\/wp-content\/uploads\/2024\/09\/about-us-1.jpg\" \/>\n<meta name=\"twitter:card\" content=\"summary_large_image\" \/>\n<meta name=\"twitter:label1\" content=\"Est. reading time\" \/>\n\t<meta name=\"twitter:data1\" content=\"4 minutes\" \/>\n<script type=\"application\/ld+json\" class=\"yoast-schema-graph\">{\"@context\":\"https:\/\/schema.org\",\"@graph\":[{\"@type\":\"WebPage\",\"@id\":\"https:\/\/orkastextile.com\/bcd31-portfolio\/\",\"url\":\"https:\/\/orkastextile.com\/bcd31-portfolio\/\",\"name\":\"\u00dcretim - Orkas Tekstil\",\"isPartOf\":{\"@id\":\"https:\/\/orkastextile.com\/#website\"},\"primaryImageOfPage\":{\"@id\":\"https:\/\/orkastextile.com\/bcd31-portfolio\/#primaryimage\"},\"image\":{\"@id\":\"https:\/\/orkastextile.com\/bcd31-portfolio\/#primaryimage\"},\"thumbnailUrl\":\"https:\/\/orkastextile.com\/wp-content\/uploads\/2024\/09\/about-us-1.jpg\",\"datePublished\":\"2020-01-27T08:05:29+00:00\",\"dateModified\":\"2024-09-16T14:33:00+00:00\",\"breadcrumb\":{\"@id\":\"https:\/\/orkastextile.com\/bcd31-portfolio\/#breadcrumb\"},\"inLanguage\":\"en-US\",\"potentialAction\":[{\"@type\":\"ReadAction\",\"target\":[\"https:\/\/orkastextile.com\/bcd31-portfolio\/\"]}]},{\"@type\":\"ImageObject\",\"inLanguage\":\"en-US\",\"@id\":\"https:\/\/orkastextile.com\/bcd31-portfolio\/#primaryimage\",\"url\":\"https:\/\/orkastextile.com\/wp-content\/uploads\/2024\/09\/about-us-1.jpg\",\"contentUrl\":\"https:\/\/orkastextile.com\/wp-content\/uploads\/2024\/09\/about-us-1.jpg\"},{\"@type\":\"BreadcrumbList\",\"@id\":\"https:\/\/orkastextile.com\/bcd31-portfolio\/#breadcrumb\",\"itemListElement\":[{\"@type\":\"ListItem\",\"position\":1,\"name\":\"Anasayfa\",\"item\":\"https:\/\/orkastextile.com\/\"},{\"@type\":\"ListItem\",\"position\":2,\"name\":\"\u00dcretim\"}]},{\"@type\":\"WebSite\",\"@id\":\"https:\/\/orkastextile.com\/#website\",\"url\":\"https:\/\/orkastextile.com\/\",\"name\":\"Orkas Tekstil\",\"description\":\"Orkas Textile\",\"publisher\":{\"@id\":\"https:\/\/orkastextile.com\/#organization\"},\"potentialAction\":[{\"@type\":\"SearchAction\",\"target\":{\"@type\":\"EntryPoint\",\"urlTemplate\":\"https:\/\/orkastextile.com\/?s={search_term_string}\"},\"query-input\":{\"@type\":\"PropertyValueSpecification\",\"valueRequired\":true,\"valueName\":\"search_term_string\"}}],\"inLanguage\":\"en-US\"},{\"@type\":\"Organization\",\"@id\":\"https:\/\/orkastextile.com\/#organization\",\"name\":\"Orkas Tekstil\",\"url\":\"https:\/\/orkastextile.com\/\",\"logo\":{\"@type\":\"ImageObject\",\"inLanguage\":\"en-US\",\"@id\":\"https:\/\/orkastextile.com\/#\/schema\/logo\/image\/\",\"url\":\"https:\/\/orkastextile.com\/wp-content\/uploads\/2024\/09\/logo.jpg\",\"contentUrl\":\"https:\/\/orkastextile.com\/wp-content\/uploads\/2024\/09\/logo.jpg\",\"width\":309,\"height\":318,\"caption\":\"Orkas Tekstil\"},\"image\":{\"@id\":\"https:\/\/orkastextile.com\/#\/schema\/logo\/image\/\"}}]}<\/script>\n<!-- \/ Yoast SEO plugin. -->","yoast_head_json":{"title":"\u00dcretim - Orkas Tekstil","robots":{"index":"index","follow":"follow","max-snippet":"max-snippet:-1","max-image-preview":"max-image-preview:large","max-video-preview":"max-video-preview:-1"},"canonical":"https:\/\/orkastextile.com\/en\/bcd31-portfolio\/","og_locale":"en_US","og_type":"article","og_title":"\u00dcretim - Orkas Tekstil","og_description":"\u00dcRET\u0130M A\u015eAMALARIMIZ SERT\u0130F\u0130KALARIMIZ","og_url":"https:\/\/orkastextile.com\/en\/bcd31-portfolio\/","og_site_name":"Orkas Tekstil","article_modified_time":"2024-09-16T14:33:00+00:00","og_image":[{"url":"https:\/\/orkastextile.com\/wp-content\/uploads\/2024\/09\/about-us-1.jpg"}],"twitter_card":"summary_large_image","twitter_misc":{"Est. reading time":"4 minutes"},"schema":{"@context":"https:\/\/schema.org","@graph":[{"@type":"WebPage","@id":"https:\/\/orkastextile.com\/bcd31-portfolio\/","url":"https:\/\/orkastextile.com\/bcd31-portfolio\/","name":"\u00dcretim - Orkas Tekstil","isPartOf":{"@id":"https:\/\/orkastextile.com\/#website"},"primaryImageOfPage":{"@id":"https:\/\/orkastextile.com\/bcd31-portfolio\/#primaryimage"},"image":{"@id":"https:\/\/orkastextile.com\/bcd31-portfolio\/#primaryimage"},"thumbnailUrl":"https:\/\/orkastextile.com\/wp-content\/uploads\/2024\/09\/about-us-1.jpg","datePublished":"2020-01-27T08:05:29+00:00","dateModified":"2024-09-16T14:33:00+00:00","breadcrumb":{"@id":"https:\/\/orkastextile.com\/bcd31-portfolio\/#breadcrumb"},"inLanguage":"en-US","potentialAction":[{"@type":"ReadAction","target":["https:\/\/orkastextile.com\/bcd31-portfolio\/"]}]},{"@type":"ImageObject","inLanguage":"en-US","@id":"https:\/\/orkastextile.com\/bcd31-portfolio\/#primaryimage","url":"https:\/\/orkastextile.com\/wp-content\/uploads\/2024\/09\/about-us-1.jpg","contentUrl":"https:\/\/orkastextile.com\/wp-content\/uploads\/2024\/09\/about-us-1.jpg"},{"@type":"BreadcrumbList","@id":"https:\/\/orkastextile.com\/bcd31-portfolio\/#breadcrumb","itemListElement":[{"@type":"ListItem","position":1,"name":"Anasayfa","item":"https:\/\/orkastextile.com\/"},{"@type":"ListItem","position":2,"name":"\u00dcretim"}]},{"@type":"WebSite","@id":"https:\/\/orkastextile.com\/#website","url":"https:\/\/orkastextile.com\/","name":"Orkas Tekstil","description":"Orkas Textile","publisher":{"@id":"https:\/\/orkastextile.com\/#organization"},"potentialAction":[{"@type":"SearchAction","target":{"@type":"EntryPoint","urlTemplate":"https:\/\/orkastextile.com\/?s={search_term_string}"},"query-input":{"@type":"PropertyValueSpecification","valueRequired":true,"valueName":"search_term_string"}}],"inLanguage":"en-US"},{"@type":"Organization","@id":"https:\/\/orkastextile.com\/#organization","name":"Orkas Tekstil","url":"https:\/\/orkastextile.com\/","logo":{"@type":"ImageObject","inLanguage":"en-US","@id":"https:\/\/orkastextile.com\/#\/schema\/logo\/image\/","url":"https:\/\/orkastextile.com\/wp-content\/uploads\/2024\/09\/logo.jpg","contentUrl":"https:\/\/orkastextile.com\/wp-content\/uploads\/2024\/09\/logo.jpg","width":309,"height":318,"caption":"Orkas Tekstil"},"image":{"@id":"https:\/\/orkastextile.com\/#\/schema\/logo\/image\/"}}]}},"_links":{"self":[{"href":"https:\/\/orkastextile.com\/en\/wp-json\/wp\/v2\/pages\/69","targetHints":{"allow":["GET"]}}],"collection":[{"href":"https:\/\/orkastextile.com\/en\/wp-json\/wp\/v2\/pages"}],"about":[{"href":"https:\/\/orkastextile.com\/en\/wp-json\/wp\/v2\/types\/page"}],"author":[{"embeddable":true,"href":"https:\/\/orkastextile.com\/en\/wp-json\/wp\/v2\/users\/1"}],"replies":[{"embeddable":true,"href":"https:\/\/orkastextile.com\/en\/wp-json\/wp\/v2\/comments?post=69"}],"version-history":[{"count":50,"href":"https:\/\/orkastextile.com\/en\/wp-json\/wp\/v2\/pages\/69\/revisions"}],"predecessor-version":[{"id":1312,"href":"https:\/\/orkastextile.com\/en\/wp-json\/wp\/v2\/pages\/69\/revisions\/1312"}],"wp:attachment":[{"href":"https:\/\/orkastextile.com\/en\/wp-json\/wp\/v2\/media?parent=69"}],"curies":[{"name":"wp","href":"https:\/\/api.w.org\/{rel}","templated":true}]}}