{"id":61,"date":"2020-01-23T18:21:52","date_gmt":"2020-01-23T18:21:52","guid":{"rendered":"https:\/\/demosites.io\/marketing-agency-gb\/?page_id=61"},"modified":"2024-09-16T07:13:41","modified_gmt":"2024-09-16T07:13:41","slug":"bcd31-about-us","status":"publish","type":"page","link":"https:\/\/orkastextile.com\/en\/bcd31-about-us\/","title":{"rendered":"ABOUT US"},"content":{"rendered":"<div class=\"wp-block-cover alignfull eplus-wrapper\" style=\"min-height:320px;aspect-ratio:unset;\"><span aria-hidden=\"true\" class=\"wp-block-cover__background has-nv-dark-bg-background-color has-background-dim\"><\/span><img loading=\"lazy\" decoding=\"async\" width=\"1280\" height=\"720\" class=\"wp-block-cover__image-background wp-image-1203\" alt=\"\" src=\"https:\/\/orkastextile.com\/wp-content\/uploads\/2024\/09\/slider.jpg\" data-object-fit=\"cover\" srcset=\"https:\/\/orkastextile.com\/wp-content\/uploads\/2024\/09\/slider.jpg 1280w, https:\/\/orkastextile.com\/wp-content\/uploads\/2024\/09\/slider-300x169.jpg 300w, https:\/\/orkastextile.com\/wp-content\/uploads\/2024\/09\/slider-1024x576.jpg 1024w, https:\/\/orkastextile.com\/wp-content\/uploads\/2024\/09\/slider-768x432.jpg 768w, https:\/\/orkastextile.com\/wp-content\/uploads\/2024\/09\/slider-200x113.jpg 200w\" sizes=\"auto, (max-width: 1280px) 100vw, 1280px\" \/><div class=\"wp-block-cover__inner-container is-layout-flow wp-block-cover-is-layout-flow\">\n<div class=\"wp-block-group eplus-wrapper\" style=\"padding-right:var(--wp--preset--spacing--30);padding-left:var(--wp--preset--spacing--30)\"><div class=\"wp-block-group__inner-container is-layout-flow wp-block-group-is-layout-flow\">\n<h1 class=\"has-text-align-left wp-block-heading has-nv-text-dark-bg-color has-text-color eplus-wrapper\">ABOUT US<\/h1>\n<\/div><\/div>\n<\/div><\/div>\n\n\n\n<div class=\"wp-block-cover alignfull eplus-wrapper\" style=\"min-height:600px;aspect-ratio:unset;\"><span aria-hidden=\"true\" class=\"wp-block-cover__background has-nv-light-bg-background-color has-background-dim-100 has-background-dim\"><\/span><div class=\"wp-block-cover__inner-container is-layout-flow wp-block-cover-is-layout-flow\">\n<div class=\"wp-block-group eplus-wrapper\"><div class=\"wp-block-group__inner-container is-layout-flow wp-block-group-is-layout-flow\">\n<div style=\"height:80px\" aria-hidden=\"true\" class=\"wp-block-spacer eplus-wrapper\"><\/div>\n\n\n<div class=\"wp-block-columns are-vertically-aligned-center has-neve-text-color-color has-text-color eplus-wrapper is-layout-flex wp-container-core-columns-is-layout-9d6595d7 wp-block-columns-is-layout-flex eplus-styles-uid-02ce0f\">\n<div class=\"wp-block-column is-vertically-aligned-center eplus-wrapper is-layout-flow wp-block-column-is-layout-flow\" style=\"padding-right:var(--wp--preset--spacing--30);padding-left:var(--wp--preset--spacing--30);flex-basis:50%\">\n<figure class=\"wp-block-image size-full has-custom-border eplus-wrapper\"><img loading=\"lazy\" decoding=\"async\" width=\"1280\" height=\"626\" src=\"https:\/\/orkastextile.com\/wp-content\/uploads\/2024\/09\/hakkimizda.jpg\" alt=\"\" class=\"wp-image-1204\" style=\"border-radius:16px;aspect-ratio:1;object-fit:cover\" srcset=\"https:\/\/orkastextile.com\/wp-content\/uploads\/2024\/09\/hakkimizda.jpg 1280w, https:\/\/orkastextile.com\/wp-content\/uploads\/2024\/09\/hakkimizda-300x147.jpg 300w, https:\/\/orkastextile.com\/wp-content\/uploads\/2024\/09\/hakkimizda-1024x501.jpg 1024w, https:\/\/orkastextile.com\/wp-content\/uploads\/2024\/09\/hakkimizda-768x376.jpg 768w, https:\/\/orkastextile.com\/wp-content\/uploads\/2024\/09\/hakkimizda-200x98.jpg 200w\" sizes=\"auto, (max-width: 1280px) 100vw, 1280px\" \/><\/figure>\n<\/div>\n\n\n\n<div class=\"wp-block-column is-vertically-aligned-center eplus-wrapper is-layout-flow wp-block-column-is-layout-flow\" style=\"padding-top:0;padding-right:var(--wp--preset--spacing--30);padding-bottom:0;padding-left:var(--wp--preset--spacing--30);flex-basis:50%\">\n<h2 class=\"wp-block-heading has-neve-text-color-color has-text-color eplus-wrapper\">Who Are We?<\/h2>\n\n\n\n<p class=\"has-neve-text-color-color has-text-color eplus-wrapper\">Orkas Textile is an established sock and accessory marketing and export company based in Denizli, Turkey.<\/p>\n\n\n\n<p class=\"has-neve-text-color-color has-text-color eplus-wrapper\">We have production facilities in both Denizli and Istanbul. Our main products are fashion socks with trendy designs. We manufacture and export socks for men, women, children, and babies.<\/p>\n\n\n\n<p class=\"has-neve-text-color-color has-text-color eplus-wrapper\"><\/p>\n<\/div>\n<\/div>\n\n\n<div style=\"height:40px\" aria-hidden=\"true\" class=\"wp-block-spacer eplus-wrapper\"><\/div>\n<\/div><\/div>\n<\/div><\/div>\n\n\n\n<div class=\"wp-block-cover alignfull eplus-wrapper\" style=\"min-height:600px;aspect-ratio:unset;\"><span aria-hidden=\"true\" class=\"wp-block-cover__background has-nv-dark-bg-background-color has-background-dim-100 has-background-dim\"><\/span><div class=\"wp-block-cover__inner-container is-layout-flow wp-block-cover-is-layout-flow\">\n<div class=\"wp-block-group eplus-wrapper\"><div class=\"wp-block-group__inner-container is-layout-flow wp-block-group-is-layout-flow\">\n<div style=\"height:80px\" aria-hidden=\"true\" class=\"wp-block-spacer eplus-wrapper\"><\/div>\n\n\n<div class=\"wp-block-columns are-vertically-aligned-center eplus-wrapper is-layout-flex wp-container-core-columns-is-layout-9d6595d7 wp-block-columns-is-layout-flex eplus-styles-uid-0cda8d\">\n<div class=\"wp-block-column is-vertically-aligned-center eplus-wrapper is-layout-flow wp-block-column-is-layout-flow\" style=\"padding-right:var(--wp--preset--spacing--30);padding-left:var(--wp--preset--spacing--30);flex-basis:50%\">\n<h2 class=\"wp-block-heading has-nv-text-dark-bg-color has-text-color eplus-wrapper\">We Act With Our Values<\/h2>\n\n\n\n<p class=\"has-nv-text-dark-bg-color has-text-color eplus-wrapper\">Orkas Textile has a talented design team with a sharp eye for current trends. We use this knowledge and expertise to create products that align with our customers' needs. The production team then develops samples of these products and presents them to our clients.<\/p>\n\n\n\n<div style=\"height:20px\" aria-hidden=\"true\" class=\"wp-block-spacer eplus-wrapper\"><\/div>\n\n\n\n<div style=\"height:20px\" aria-hidden=\"true\" class=\"wp-block-spacer eplus-wrapper\"><\/div>\n<\/div>\n\n\n\n<div class=\"wp-block-column is-vertically-aligned-center eplus-wrapper is-layout-flow wp-block-column-is-layout-flow\" style=\"padding-right:var(--wp--preset--spacing--30);padding-left:var(--wp--preset--spacing--30);flex-basis:50%\">\n<figure class=\"wp-block-image size-full has-custom-border eplus-wrapper\"><img loading=\"lazy\" decoding=\"async\" width=\"1600\" height=\"900\" src=\"https:\/\/orkastextile.com\/wp-content\/uploads\/2024\/09\/deger.jpg\" alt=\"\" class=\"wp-image-1214\" style=\"border-radius:16px;aspect-ratio:1;object-fit:cover\" srcset=\"https:\/\/orkastextile.com\/wp-content\/uploads\/2024\/09\/deger.jpg 1600w, https:\/\/orkastextile.com\/wp-content\/uploads\/2024\/09\/deger-300x169.jpg 300w, https:\/\/orkastextile.com\/wp-content\/uploads\/2024\/09\/deger-1024x576.jpg 1024w, https:\/\/orkastextile.com\/wp-content\/uploads\/2024\/09\/deger-768x432.jpg 768w, https:\/\/orkastextile.com\/wp-content\/uploads\/2024\/09\/deger-1536x864.jpg 1536w, https:\/\/orkastextile.com\/wp-content\/uploads\/2024\/09\/deger-200x113.jpg 200w\" sizes=\"auto, (max-width: 1600px) 100vw, 1600px\" \/><\/figure>\n<\/div>\n<\/div>\n\n\n<div style=\"height:40px\" aria-hidden=\"true\" class=\"wp-block-spacer eplus-wrapper\"><\/div>\n<\/div><\/div>\n<\/div><\/div>\n\n\n\n<div style=\"height:80px\" aria-hidden=\"true\" class=\"wp-block-spacer eplus-wrapper\"><\/div>\n\n\n<div class=\"wp-block-columns eplus-wrapper is-layout-flex wp-container-core-columns-is-layout-88098167 wp-block-columns-is-layout-flex eplus-styles-uid-a6d014\" style=\"padding-right:var(--wp--preset--spacing--30);padding-left:var(--wp--preset--spacing--30)\">\n<div class=\"wp-block-column eplus-wrapper is-layout-flow wp-block-column-is-layout-flow\" style=\"padding-top:0;padding-bottom:0\">\n<figure class=\"is-style-default wp-block-image size-full has-custom-border eplus-wrapper\"><img loading=\"lazy\" decoding=\"async\" width=\"984\" height=\"631\" src=\"https:\/\/orkastextile.com\/wp-content\/uploads\/2024\/09\/hakkimizda2.jpg\" alt=\"\" class=\"wp-image-1207\" style=\"border-radius:16px;aspect-ratio:1;object-fit:cover\" srcset=\"https:\/\/orkastextile.com\/wp-content\/uploads\/2024\/09\/hakkimizda2.jpg 984w, https:\/\/orkastextile.com\/wp-content\/uploads\/2024\/09\/hakkimizda2-300x192.jpg 300w, https:\/\/orkastextile.com\/wp-content\/uploads\/2024\/09\/hakkimizda2-768x492.jpg 768w, https:\/\/orkastextile.com\/wp-content\/uploads\/2024\/09\/hakkimizda2-200x128.jpg 200w\" sizes=\"auto, (max-width: 984px) 100vw, 984px\" \/><\/figure>\n<\/div>\n\n\n\n<div class=\"wp-block-column is-vertically-aligned-center eplus-wrapper is-layout-flow wp-block-column-is-layout-flow\">\n<h2 class=\"wp-block-heading eplus-wrapper\">With Fast and Reliable Steps<\/h2>\n\n\n\n<p style=\"text-transform:none\" class=\"eplus-wrapper\">Upon request, we offer sample services, followed by production and export of orders via land, sea, or air, according to our clients' preferences.<\/p>\n<\/div>\n<\/div>","protected":false},"excerpt":{"rendered":"<p>H\u0131zl\u0131 ve G\u00fcvenilir Ad\u0131mlarla M\u00fc\u015fterilerimizin iste\u011fi do\u011frultusunda numune servisi yap\u0131larak, sonras\u0131nda da sipari\u015flere \u00fcretimler yap\u0131l\u0131p, ihracat\u0131m\u0131z m\u00fc\u015fterilerimizin isteklerine g\u00f6re kara, deniz ve hava yolu ile yap\u0131lmaktad\u0131r.<\/p>","protected":false},"author":1,"featured_media":0,"parent":0,"menu_order":0,"comment_status":"closed","ping_status":"closed","template":"","meta":{"editor_plus_copied_stylings":"{}","neve_meta_sidebar":"default","neve_meta_container":"default","neve_meta_enable_content_width":"on","neve_meta_content_width":100,"neve_meta_title_alignment":"","neve_meta_author_avatar":"","neve_post_elements_order":"","neve_meta_disable_header":"","neve_meta_disable_footer":"","neve_meta_disable_title":"on","_themeisle_gutenberg_block_has_review":false,"_ti_tpc_template_sync":false,"_ti_tpc_template_id":"eex7gnweb2m8vo93cr1g","footnotes":""},"class_list":["post-61","page","type-page","status-publish","hentry"],"yoast_head":"<!-- This site is optimized with the Yoast SEO plugin v23.4 - https:\/\/yoast.com\/wordpress\/plugins\/seo\/ -->\n<title>Hakk\u0131m\u0131zda - Orkas Tekstil<\/title>\n<meta name=\"robots\" content=\"index, follow, max-snippet:-1, max-image-preview:large, max-video-preview:-1\" \/>\n<link rel=\"canonical\" href=\"https:\/\/orkastextile.com\/en\/bcd31-about-us\/\" \/>\n<meta property=\"og:locale\" content=\"en_US\" \/>\n<meta property=\"og:type\" content=\"article\" \/>\n<meta property=\"og:title\" content=\"Hakk\u0131m\u0131zda - Orkas Tekstil\" \/>\n<meta property=\"og:description\" content=\"H\u0131zl\u0131 ve G\u00fcvenilir Ad\u0131mlarla M\u00fc\u015fterilerimizin iste\u011fi do\u011frultusunda numune servisi yap\u0131larak, sonras\u0131nda da sipari\u015flere \u00fcretimler yap\u0131l\u0131p, ihracat\u0131m\u0131z m\u00fc\u015fterilerimizin isteklerine g\u00f6re kara, deniz ve hava yolu ile yap\u0131lmaktad\u0131r.\" \/>\n<meta property=\"og:url\" content=\"https:\/\/orkastextile.com\/en\/bcd31-about-us\/\" \/>\n<meta property=\"og:site_name\" content=\"Orkas Tekstil\" \/>\n<meta property=\"article:modified_time\" content=\"2024-09-16T07:13:41+00:00\" \/>\n<meta property=\"og:image\" content=\"https:\/\/orkastextile.com\/wp-content\/uploads\/2024\/09\/slider.jpg\" \/>\n<meta name=\"twitter:card\" content=\"summary_large_image\" \/>\n<meta name=\"twitter:label1\" content=\"Est. reading time\" \/>\n\t<meta name=\"twitter:data1\" content=\"2 minutes\" \/>\n<script type=\"application\/ld+json\" class=\"yoast-schema-graph\">{\"@context\":\"https:\/\/schema.org\",\"@graph\":[{\"@type\":\"WebPage\",\"@id\":\"https:\/\/orkastextile.com\/en\/bcd31-about-us\/\",\"url\":\"https:\/\/orkastextile.com\/en\/bcd31-about-us\/\",\"name\":\"Hakk\u0131m\u0131zda - Orkas Tekstil\",\"isPartOf\":{\"@id\":\"https:\/\/orkastextile.com\/#website\"},\"primaryImageOfPage\":{\"@id\":\"https:\/\/orkastextile.com\/en\/bcd31-about-us\/#primaryimage\"},\"image\":{\"@id\":\"https:\/\/orkastextile.com\/en\/bcd31-about-us\/#primaryimage\"},\"thumbnailUrl\":\"https:\/\/orkastextile.com\/wp-content\/uploads\/2024\/09\/slider.jpg\",\"datePublished\":\"2020-01-23T18:21:52+00:00\",\"dateModified\":\"2024-09-16T07:13:41+00:00\",\"breadcrumb\":{\"@id\":\"https:\/\/orkastextile.com\/en\/bcd31-about-us\/#breadcrumb\"},\"inLanguage\":\"en-US\",\"potentialAction\":[{\"@type\":\"ReadAction\",\"target\":[\"https:\/\/orkastextile.com\/en\/bcd31-about-us\/\"]}]},{\"@type\":\"ImageObject\",\"inLanguage\":\"en-US\",\"@id\":\"https:\/\/orkastextile.com\/en\/bcd31-about-us\/#primaryimage\",\"url\":\"https:\/\/orkastextile.com\/wp-content\/uploads\/2024\/09\/slider.jpg\",\"contentUrl\":\"https:\/\/orkastextile.com\/wp-content\/uploads\/2024\/09\/slider.jpg\"},{\"@type\":\"BreadcrumbList\",\"@id\":\"https:\/\/orkastextile.com\/en\/bcd31-about-us\/#breadcrumb\",\"itemListElement\":[{\"@type\":\"ListItem\",\"position\":1,\"name\":\"Anasayfa\",\"item\":\"https:\/\/orkastextile.com\/\"},{\"@type\":\"ListItem\",\"position\":2,\"name\":\"Hakk\u0131m\u0131zda\"}]},{\"@type\":\"WebSite\",\"@id\":\"https:\/\/orkastextile.com\/#website\",\"url\":\"https:\/\/orkastextile.com\/\",\"name\":\"Orkas Tekstil\",\"description\":\"Orkas Textile\",\"publisher\":{\"@id\":\"https:\/\/orkastextile.com\/#organization\"},\"potentialAction\":[{\"@type\":\"SearchAction\",\"target\":{\"@type\":\"EntryPoint\",\"urlTemplate\":\"https:\/\/orkastextile.com\/?s={search_term_string}\"},\"query-input\":{\"@type\":\"PropertyValueSpecification\",\"valueRequired\":true,\"valueName\":\"search_term_string\"}}],\"inLanguage\":\"en-US\"},{\"@type\":\"Organization\",\"@id\":\"https:\/\/orkastextile.com\/#organization\",\"name\":\"Orkas Tekstil\",\"url\":\"https:\/\/orkastextile.com\/\",\"logo\":{\"@type\":\"ImageObject\",\"inLanguage\":\"en-US\",\"@id\":\"https:\/\/orkastextile.com\/#\/schema\/logo\/image\/\",\"url\":\"https:\/\/orkastextile.com\/wp-content\/uploads\/2024\/09\/logo.jpg\",\"contentUrl\":\"https:\/\/orkastextile.com\/wp-content\/uploads\/2024\/09\/logo.jpg\",\"width\":309,\"height\":318,\"caption\":\"Orkas Tekstil\"},\"image\":{\"@id\":\"https:\/\/orkastextile.com\/#\/schema\/logo\/image\/\"}}]}<\/script>\n<!-- \/ Yoast SEO plugin. -->","yoast_head_json":{"title":"Hakk\u0131m\u0131zda - Orkas Tekstil","robots":{"index":"index","follow":"follow","max-snippet":"max-snippet:-1","max-image-preview":"max-image-preview:large","max-video-preview":"max-video-preview:-1"},"canonical":"https:\/\/orkastextile.com\/en\/bcd31-about-us\/","og_locale":"en_US","og_type":"article","og_title":"Hakk\u0131m\u0131zda - Orkas Tekstil","og_description":"H\u0131zl\u0131 ve G\u00fcvenilir Ad\u0131mlarla M\u00fc\u015fterilerimizin iste\u011fi do\u011frultusunda numune servisi yap\u0131larak, sonras\u0131nda da sipari\u015flere \u00fcretimler yap\u0131l\u0131p, ihracat\u0131m\u0131z m\u00fc\u015fterilerimizin isteklerine g\u00f6re kara, deniz ve hava yolu ile yap\u0131lmaktad\u0131r.","og_url":"https:\/\/orkastextile.com\/en\/bcd31-about-us\/","og_site_name":"Orkas Tekstil","article_modified_time":"2024-09-16T07:13:41+00:00","og_image":[{"url":"https:\/\/orkastextile.com\/wp-content\/uploads\/2024\/09\/slider.jpg"}],"twitter_card":"summary_large_image","twitter_misc":{"Est. reading time":"2 minutes"},"schema":{"@context":"https:\/\/schema.org","@graph":[{"@type":"WebPage","@id":"https:\/\/orkastextile.com\/en\/bcd31-about-us\/","url":"https:\/\/orkastextile.com\/en\/bcd31-about-us\/","name":"Hakk\u0131m\u0131zda - Orkas Tekstil","isPartOf":{"@id":"https:\/\/orkastextile.com\/#website"},"primaryImageOfPage":{"@id":"https:\/\/orkastextile.com\/en\/bcd31-about-us\/#primaryimage"},"image":{"@id":"https:\/\/orkastextile.com\/en\/bcd31-about-us\/#primaryimage"},"thumbnailUrl":"https:\/\/orkastextile.com\/wp-content\/uploads\/2024\/09\/slider.jpg","datePublished":"2020-01-23T18:21:52+00:00","dateModified":"2024-09-16T07:13:41+00:00","breadcrumb":{"@id":"https:\/\/orkastextile.com\/en\/bcd31-about-us\/#breadcrumb"},"inLanguage":"en-US","potentialAction":[{"@type":"ReadAction","target":["https:\/\/orkastextile.com\/en\/bcd31-about-us\/"]}]},{"@type":"ImageObject","inLanguage":"en-US","@id":"https:\/\/orkastextile.com\/en\/bcd31-about-us\/#primaryimage","url":"https:\/\/orkastextile.com\/wp-content\/uploads\/2024\/09\/slider.jpg","contentUrl":"https:\/\/orkastextile.com\/wp-content\/uploads\/2024\/09\/slider.jpg"},{"@type":"BreadcrumbList","@id":"https:\/\/orkastextile.com\/en\/bcd31-about-us\/#breadcrumb","itemListElement":[{"@type":"ListItem","position":1,"name":"Anasayfa","item":"https:\/\/orkastextile.com\/"},{"@type":"ListItem","position":2,"name":"Hakk\u0131m\u0131zda"}]},{"@type":"WebSite","@id":"https:\/\/orkastextile.com\/#website","url":"https:\/\/orkastextile.com\/","name":"Orkas Tekstil","description":"Orkas Textile","publisher":{"@id":"https:\/\/orkastextile.com\/#organization"},"potentialAction":[{"@type":"SearchAction","target":{"@type":"EntryPoint","urlTemplate":"https:\/\/orkastextile.com\/?s={search_term_string}"},"query-input":{"@type":"PropertyValueSpecification","valueRequired":true,"valueName":"search_term_string"}}],"inLanguage":"en-US"},{"@type":"Organization","@id":"https:\/\/orkastextile.com\/#organization","name":"Orkas Tekstil","url":"https:\/\/orkastextile.com\/","logo":{"@type":"ImageObject","inLanguage":"en-US","@id":"https:\/\/orkastextile.com\/#\/schema\/logo\/image\/","url":"https:\/\/orkastextile.com\/wp-content\/uploads\/2024\/09\/logo.jpg","contentUrl":"https:\/\/orkastextile.com\/wp-content\/uploads\/2024\/09\/logo.jpg","width":309,"height":318,"caption":"Orkas Tekstil"},"image":{"@id":"https:\/\/orkastextile.com\/#\/schema\/logo\/image\/"}}]}},"_links":{"self":[{"href":"https:\/\/orkastextile.com\/en\/wp-json\/wp\/v2\/pages\/61","targetHints":{"allow":["GET"]}}],"collection":[{"href":"https:\/\/orkastextile.com\/en\/wp-json\/wp\/v2\/pages"}],"about":[{"href":"https:\/\/orkastextile.com\/en\/wp-json\/wp\/v2\/types\/page"}],"author":[{"embeddable":true,"href":"https:\/\/orkastextile.com\/en\/wp-json\/wp\/v2\/users\/1"}],"replies":[{"embeddable":true,"href":"https:\/\/orkastextile.com\/en\/wp-json\/wp\/v2\/comments?post=61"}],"version-history":[{"count":20,"href":"https:\/\/orkastextile.com\/en\/wp-json\/wp\/v2\/pages\/61\/revisions"}],"predecessor-version":[{"id":1289,"href":"https:\/\/orkastextile.com\/en\/wp-json\/wp\/v2\/pages\/61\/revisions\/1289"}],"wp:attachment":[{"href":"https:\/\/orkastextile.com\/en\/wp-json\/wp\/v2\/media?parent=61"}],"curies":[{"name":"wp","href":"https:\/\/api.w.org\/{rel}","templated":true}]}}