{"id":1091,"date":"2024-09-12T07:37:42","date_gmt":"2024-09-12T07:37:42","guid":{"rendered":"https:\/\/orkastextile.com\/?page_id=1091"},"modified":"2024-09-16T14:11:58","modified_gmt":"2024-09-16T14:11:58","slug":"politikaetik-kurallar","status":"publish","type":"page","link":"https:\/\/orkastextile.com\/en\/politikaetik-kurallar\/","title":{"rendered":"Policy&amp;Ethic Rules"},"content":{"rendered":"<div class=\"wp-block-cover alignfull eplus-wrapper\" style=\"min-height:300px;aspect-ratio:unset;\"><span aria-hidden=\"true\" class=\"wp-block-cover__background has-nv-dark-bg-background-color has-background-dim\"><\/span><img loading=\"lazy\" decoding=\"async\" width=\"1280\" height=\"720\" class=\"wp-block-cover__image-background wp-image-1228\" alt=\"\" src=\"https:\/\/orkastextile.com\/wp-content\/uploads\/2024\/09\/uretim2.jpg\" style=\"object-position:50% 67%\" data-object-fit=\"cover\" data-object-position=\"50% 67%\" srcset=\"https:\/\/orkastextile.com\/wp-content\/uploads\/2024\/09\/uretim2.jpg 1280w, https:\/\/orkastextile.com\/wp-content\/uploads\/2024\/09\/uretim2-300x169.jpg 300w, https:\/\/orkastextile.com\/wp-content\/uploads\/2024\/09\/uretim2-1024x576.jpg 1024w, https:\/\/orkastextile.com\/wp-content\/uploads\/2024\/09\/uretim2-768x432.jpg 768w, https:\/\/orkastextile.com\/wp-content\/uploads\/2024\/09\/uretim2-200x113.jpg 200w\" sizes=\"auto, (max-width: 1280px) 100vw, 1280px\" \/><div class=\"wp-block-cover__inner-container is-layout-flow wp-block-cover-is-layout-flow\">\n<div class=\"wp-block-group eplus-wrapper\" style=\"padding-right:var(--wp--preset--spacing--30);padding-left:var(--wp--preset--spacing--30)\"><div class=\"wp-block-group__inner-container is-layout-flow wp-block-group-is-layout-flow\">\n<h1 class=\"has-text-align-left wp-block-heading has-nv-text-dark-bg-color has-text-color eplus-wrapper\">Policy&amp;Ethic Rules<\/h1>\n<\/div><\/div>\n<\/div><\/div>\n\n\n\n<div class=\"wp-block-cover alignfull eplus-wrapper\"><span aria-hidden=\"true\" class=\"wp-block-cover__background has-nv-site-bg-background-color has-background-dim-100 has-background-dim\"><\/span><div class=\"wp-block-cover__inner-container is-layout-flow wp-block-cover-is-layout-flow\">\n<div style=\"height:80px\" aria-hidden=\"true\" class=\"wp-block-spacer eplus-wrapper\"><\/div>\n\n\n<div class=\"wp-block-columns are-vertically-aligned-center eplus-wrapper is-layout-flex wp-container-core-columns-is-layout-9d6595d7 wp-block-columns-is-layout-flex eplus-styles-uid-252375\">\n<div class=\"wp-block-column is-vertically-aligned-center eplus-wrapper is-layout-flow wp-block-column-is-layout-flow\" style=\"padding-right:var(--wp--preset--spacing--30);padding-left:var(--wp--preset--spacing--30);flex-basis:50%\">\n<div style=\"height:20px\" aria-hidden=\"true\" class=\"wp-block-spacer eplus-wrapper\"><\/div>\n\n\n\n<p class=\"has-text-align-left has-nv-dark-bg-color has-text-color eplus-wrapper\">Our main goal is to offer innovative production and design ideas to our customers, set reasonable and transparent costs, provide fast service throughout all processes from the initial development stage to production, and deliver high-quality products on time with very short lead times. While steadily working towards our primary goal, we also continue to tirelessly uphold ethical standards and fulfill our social responsibilities.<\/p>\n<\/div>\n\n\n\n<div class=\"wp-block-column is-vertically-aligned-center eplus-wrapper is-layout-flow wp-block-column-is-layout-flow\" style=\"padding-right:var(--wp--preset--spacing--30);padding-left:var(--wp--preset--spacing--30);flex-basis:50%\">\n<figure class=\"is-style-default wp-block-image size-full has-custom-border eplus-wrapper\"><img loading=\"lazy\" decoding=\"async\" width=\"1760\" height=\"956\" src=\"https:\/\/orkastextile.com\/wp-content\/uploads\/2024\/09\/ethics.jpg\" alt=\"\" class=\"wp-image-1092\" style=\"border-radius:16px\" srcset=\"https:\/\/orkastextile.com\/wp-content\/uploads\/2024\/09\/ethics.jpg 1760w, https:\/\/orkastextile.com\/wp-content\/uploads\/2024\/09\/ethics-300x163.jpg 300w, https:\/\/orkastextile.com\/wp-content\/uploads\/2024\/09\/ethics-1024x556.jpg 1024w, https:\/\/orkastextile.com\/wp-content\/uploads\/2024\/09\/ethics-768x417.jpg 768w, https:\/\/orkastextile.com\/wp-content\/uploads\/2024\/09\/ethics-1536x834.jpg 1536w, https:\/\/orkastextile.com\/wp-content\/uploads\/2024\/09\/ethics-200x109.jpg 200w\" sizes=\"auto, (max-width: 1760px) 100vw, 1760px\" \/><\/figure>\n<\/div>\n<\/div><\/div><\/div>\n\n\n\n<div class=\"eplus-wrapper wp-block-group\" style=\"padding-top:100px\"><div class=\"wp-block-group__inner-container is-layout-constrained wp-block-group-is-layout-constrained\">\n<div class=\"wp-block-group eplus-wrapper\"><div class=\"wp-block-group__inner-container is-layout-constrained wp-block-group-is-layout-constrained\">\n<h1 class=\"eplus-wrapper wp-block-heading has-text-align-center\">ETHICAL RULES<\/h1>\n<\/div><\/div>\n\n\n\n    <div class=\"grid\">\n    <ul id=\"hexGrid\">\n      <li class=\"hex\">\n        <div class=\"hexIn\">\n          <a class=\"hexLink\" href=\"#\">\n            <div class='img' style='background-color:green;background-image:url(https:\/\/orkastextile.com\/wp-content\/uploads\/2024\/09\/seffaflik.png);'><\/div>\n            <p id=\"demo2\">All sub-manufacturers and suppliers we work with must establish honest and open production relationships in accordance with the \"transparency principle\" throughout their production processes. Any violation of the transparency principle is a violation of the minimum requirement.\n\n<\/p>\n          <\/a>\n        <\/div>\n      <\/li>\n        \n      <li class=\"hex\">\n        <div class=\"hexIn\">\n          <a class=\"hexLink\" href=\"#\">\n                <div class='img' style='background-color:rgb(29, 185, 107);background-image: url(https:\/\/orkastextile.com\/wp-content\/uploads\/2024\/09\/cocuk-isci.png);'><\/div>\n            <p id=\"demo2\">Employing child workers under the age of 15 and having child guests under the age of 15 in the production area of \u200b\u200bthe business are violations of minimum requirements.<\/p>\n          <\/a>\n        <\/div>\n      <\/li>\n      <li class=\"hex\">\n        <div class=\"hexIn\">\n          <a class=\"hexLink\" href=\"#\">\n            <div class='img' style='background-color:rgb(201, 226, 101);background-image: url(https:\/\/orkastextile.com\/wp-content\/uploads\/2024\/09\/insana-yakisir-is.png);'><\/div>\n            <p id=\"demo2\">Employing people at a wage set below the minimum wage in a business is a violation of minimum requirements.<\/p>\n          <\/a>\n        <\/div>\n      <\/li>\n      <li class=\"hex\">\n        <div class=\"hexIn\">\n          <a class=\"hexLink\" href=\"#\">\n            <div class='img' style='background-color:rgb(253, 192, 35);background-image: url(https:\/\/orkastextile.com\/wp-content\/uploads\/2024\/09\/Yuksek-is-guvenligi.png);'><\/div>\n            <p id=\"demo2\">The identity documents, SSI entry, Occupational Health and Safety training, and Vocational Qualification Certificates of the employees of the subcontractor companies who will work within the company are checked.<\/p>\n          <\/a>\n        <\/div>\n      <\/li>\n      <li class=\"hex\">\n        <div class=\"hexIn\">\n          <a class=\"hexLink\" href=\"#\">\n            <div class='img' style='background-color:rgb(109, 104, 255);background-image: url(https:\/\/orkastextile.com\/wp-content\/uploads\/2024\/09\/sigortali-calisma.png);'><\/div>\n            <p id=\"demo2\">Employing people without insurance (unregistered) in a business is a violation of minimum requirements. We encourage the employment of foreign workers in order to prevent unregistered employment and ensure the employment of foreign workers.<\/p>\n          <\/a>\n        <\/div>\n      <\/li>\n      <li class=\"hex\">\n        <div class=\"hexIn\">\n          <a class=\"hexLink\" href=\"#\">\n         <div class='img' style='background-color:rgb(255, 189, 89);background-image: url(https:\/\/orkastextile.com\/wp-content\/uploads\/2024\/09\/tacizin-onlenmesi-esitlik.png);'><\/div>\n            <p id=\"demo2\">It is a violation of minimum requirements that employees face discrimination due to religion, language, race, gender, ethnicity, physical appearance, disability, age, etc. during their working hours and that female employees are asked to take a pregnancy test.<\/p>\n          <\/a>\n        <\/div>\n      <\/li>\n      \n    <\/ul>\n      <\/div>\n  <\/body>\n<\/html>\n<style>#hexGrid {font-size:13px;\n  display: flex;\n  flex-wrap: wrap;\n  width: 90%;\n  margin: 0 auto;\n  overflow: hidden;\n  list-style-type: none;\n}\n\n.hex {\n  position: relative;\n  visibility:hidden;\n  outline:1px solid transparent; \/* fix for jagged edges in FF on hover transition *\/\n  transition: all 0.5s;\n  backface-visibility: hidden;\n  will-change: transform;\n  transition: all 0.5s;\n}\n.hex::after{\n  content:'';\n  display:block;\n  padding-bottom: 86.602%;  \/* =  100 \/ tan(60) * 1.5 *\/\n}\n.hexIn{\n  position: absolute;\n  width:96%;\n  padding-bottom: 110.851%; \/* =  width \/ sin(60) *\/\n  margin: 2%;\n  overflow: hidden;\n  visibility: hidden;\n  outline:1px solid transparent; \/* fix for jagged edges in FF on hover transition *\/\n  -webkit-transform: rotate3d(0,0,1,-60deg) skewY(30deg);\n      -ms-transform: rotate3d(0,0,1,-60deg) skewY(30deg);\n          transform: rotate3d(0,0,1,-60deg) skewY(30deg);\n    transition: all 0.5s;\n}\n.hexIn * {\n  position: absolute;\n  visibility: visible;\n  outline:1px solid transparent; \/* fix for jagged edges in FF on hover transition *\/\n}\n.hexLink {\n    display:block;\n    width: 100%;\n    height: 100%;\n    text-align: center;\n    color: #fff;\n    overflow: hidden;\n    -webkit-transform: skewY(-30deg) rotate3d(0,0,1,60deg);\n        -ms-transform: skewY(-30deg) rotate3d(0,0,1,60deg);\n            transform: skewY(-30deg) rotate3d(0,0,1,60deg);\n}\n\n\n\n\n\/*** HEX CONTENT **********************************************************************\/\n.hex img {\n  left: -100%;\n  right: -100%;\n  width: auto;\n  height: 100%;\n  margin: 0 auto;\n}\n\n.hex h1, .hex p {\n  width: 100%;\n  padding: 5%;\n  box-sizing:border-box;\n  font-weight: 300;\n  opacity: 0;\n}\n\n#demo1 {\n  color: #F5CE95;\n  text-transform: capitalize;\n    text-align: center;\n  bottom: 70%;\n  padding-top:50%;\n  font-size: 1.5em;\n  z-index: 1;\n}\n.hex h1:before, .hex h1:after {\n  display: inline-block;\n  margin: 0 0.5em;\n  width: 0.25em;\n  height: 0.03em;\n  background: #ffffff;\n  content: '';\n  vertical-align: middle;\n  transition: all 0.3s;\n  text-align:center;\n}\n\n#demo2 {\n    line-height: 1;\n    color: white;\n    font-family: 'Poppins';\n    top: 25%;\n    text-align: center;\n}\n\n.img {\n  background-repeat: no-repeat;\n  background-size:65%;\n  position: absolute;\n  top: 0;\n  right: 0;\n  bottom: 0;\n  left: 0;\n  background-position: center center;\n  overflow: hidden;\n-webkit-clip-path: polygon(50% 0%, 100% 25%, 100% 75%, 50% 100%, 0% 75%, 0% 25%);\nclip-path: polygon(50% 0%, 100% 25%, 100% 75%, 50% 100%, 0% 75%, 0% 25%);\n}\n\n.img:before, .img:after {\n  position: absolute;\n  top: 0;\n  right: 0;\n  bottom: 0;\n  left: 0;\n  content: '';\n  opacity: 0;\n  transition: opacity 0.5s;\n  \n}\n.img:before {\n  background: rgba(22, 103, 137, 0.5)\n}\n.img:after {\n  background: linear-gradient(to top, transparent, rgba(0, 0, 0, 0.9), transparent);\n}\n\n\/*** HOVER EFFECT  **********************************************************************\/\n\n\n\n.hexLink:hover h1, .hexLink:focus h1,\n.hexLink:hover p, .hexLink:focus p{\nopacity:1;\ntransition: 0.8s;\n}\n\n\n.hexIn:hover .img:before,\n.hexIn:hover .img:after,\n.hexIn:hover .hexLink {\n  opacity: 1;\n}\n\n\n\/*** HEXAGON SIZING AND EVEN ROW INDENTATION *****************************************************************\/\n\n@media screen and (min-width:901px) { \/* <- 4-3  hexagons per row *\/\n  #hexGrid{\n    padding-bottom: 5.5%;\n    font-size: 14px;\n  }\n  .hex {\n    width: 25%; \/* = 100 \/ 4 *\/\n  }\n  .hex:nth-child(7n+5){ \/* first hexagon of even rows *\/\n    margin-left:12.5%;  \/* = width of .hex \/ 2  to indent even rows *\/\n  }\n}\n\n@media (max-width: 900px) and (min-width:601px) { \/* <- 3-2  hexagons per row *\/\n  #hexGrid{\n    padding-bottom: 7.4%;\n    font-size: 12px;\n  }\n  .hex {\n    width: 33.333%; \/* = 100 \/ 3 *\/\n  }\n  .hex:nth-child(5n+4){ \/* first hexagon of even rows *\/\n    margin-left:16.666%;  \/* = width of .hex \/ 2  to indent even rows *\/\n  }\n}\n\n@media (max-width: 600px) { \/* <- 2-1  hexagons per row *\/\n  #hexGrid{\n    padding-bottom: 11.2%;\n    font-size: 12px;\n  }\n  .hex {\n    width: 50%; \/* = 100 \/ 3 *\/\n  }\n  .hex:nth-child(3n+3){ \/* first hexagon of even rows *\/\n    margin-left:25%;  \/* = width of .hex \/ 2  to indent even rows *\/\n  }\n}\n\n@media (max-width: 400px) {\n    #hexGrid {\n        font-size: 9px;\n    }\n}\n\n<\/style>\n<\/div><\/div>","protected":false},"excerpt":{"rendered":"<p>ET\u0130K KURALLAR \u00c7al\u0131\u015ft\u0131\u011f\u0131m\u0131z t\u00fcm alt \u00fcreticilerin ve tedarik\u00e7ilerin \u00fcretim s\u00fcre\u00e7lerinin tamam\u0131nda \u201c\u015feffafl\u0131k ilkesine\u201d uygun olarak d\u00fcr\u00fcst ve a\u00e7\u0131k \u00fcretim ili\u015fkileri kurmas\u0131 gerekir. \u015eeffafl\u0131k ilkesinin ihlali bir asgari gereksinim ihlalidir. 15 ya\u015f\u0131n alt\u0131nda \u00e7ocuk i\u015f\u00e7inin \u00e7al\u0131\u015ft\u0131r\u0131lmas\u0131, i\u015fletme i\u00e7erinde \u00fcretim alan\u0131nda 15 ya\u015f\u0131n alt\u0131nda \u00e7ocuk misafir bulunmas\u0131 asgari gereksinim ihlalidir. \u0130\u015fletmede asgari \u00fccretin alt\u0131nda belirlenmi\u015f bir \u00fccretle&hellip;&nbsp;<a href=\"https:\/\/orkastextile.com\/en\/politikaetik-kurallar\/\" class=\"\" rel=\"bookmark\">Read More &raquo;<span class=\"screen-reader-text\">Policy&amp;Ethic Rules<\/span><\/a><\/p>","protected":false},"author":1,"featured_media":0,"parent":0,"menu_order":0,"comment_status":"closed","ping_status":"closed","template":"","meta":{"editor_plus_copied_stylings":"{}","neve_meta_sidebar":"full-width","neve_meta_container":"","neve_meta_enable_content_width":"on","neve_meta_content_width":100,"neve_meta_title_alignment":"center","neve_meta_author_avatar":"","neve_post_elements_order":"","neve_meta_disable_header":"","neve_meta_disable_footer":"","neve_meta_disable_title":"on","_themeisle_gutenberg_block_has_review":false,"_ti_tpc_template_sync":false,"_ti_tpc_template_id":"","footnotes":""},"class_list":["post-1091","page","type-page","status-publish","hentry"],"yoast_head":"<!-- This site is optimized with the Yoast SEO plugin v23.4 - https:\/\/yoast.com\/wordpress\/plugins\/seo\/ -->\n<title>Politika&amp;Etik Kurallar - Orkas Tekstil<\/title>\n<meta name=\"robots\" content=\"index, follow, max-snippet:-1, max-image-preview:large, max-video-preview:-1\" \/>\n<link rel=\"canonical\" href=\"https:\/\/orkastextile.com\/en\/politikaetik-kurallar\/\" \/>\n<meta property=\"og:locale\" content=\"en_US\" \/>\n<meta property=\"og:type\" content=\"article\" \/>\n<meta property=\"og:title\" content=\"Politika&amp;Etik Kurallar - Orkas Tekstil\" \/>\n<meta property=\"og:description\" content=\"ET\u0130K KURALLAR \u00c7al\u0131\u015ft\u0131\u011f\u0131m\u0131z t\u00fcm alt \u00fcreticilerin ve tedarik\u00e7ilerin \u00fcretim s\u00fcre\u00e7lerinin tamam\u0131nda \u201c\u015feffafl\u0131k ilkesine\u201d uygun olarak d\u00fcr\u00fcst ve a\u00e7\u0131k \u00fcretim ili\u015fkileri kurmas\u0131 gerekir. \u015eeffafl\u0131k ilkesinin ihlali bir asgari gereksinim ihlalidir. 15 ya\u015f\u0131n alt\u0131nda \u00e7ocuk i\u015f\u00e7inin \u00e7al\u0131\u015ft\u0131r\u0131lmas\u0131, i\u015fletme i\u00e7erinde \u00fcretim alan\u0131nda 15 ya\u015f\u0131n alt\u0131nda \u00e7ocuk misafir bulunmas\u0131 asgari gereksinim ihlalidir. \u0130\u015fletmede asgari \u00fccretin alt\u0131nda belirlenmi\u015f bir \u00fccretle&hellip;&nbsp;Read More &raquo;Politika&amp;Etik Kurallar\" \/>\n<meta property=\"og:url\" content=\"https:\/\/orkastextile.com\/en\/politikaetik-kurallar\/\" \/>\n<meta property=\"og:site_name\" content=\"Orkas Tekstil\" \/>\n<meta property=\"article:modified_time\" content=\"2024-09-16T14:11:58+00:00\" \/>\n<meta property=\"og:image\" content=\"https:\/\/orkastextile.com\/wp-content\/uploads\/2024\/09\/uretim2.jpg\" \/>\n<meta name=\"twitter:card\" content=\"summary_large_image\" \/>\n<meta name=\"twitter:label1\" content=\"Est. reading time\" \/>\n\t<meta name=\"twitter:data1\" content=\"2 minutes\" \/>\n<script type=\"application\/ld+json\" class=\"yoast-schema-graph\">{\"@context\":\"https:\/\/schema.org\",\"@graph\":[{\"@type\":\"WebPage\",\"@id\":\"https:\/\/orkastextile.com\/en\/politikaetik-kurallar\/\",\"url\":\"https:\/\/orkastextile.com\/en\/politikaetik-kurallar\/\",\"name\":\"Politika&amp;Etik Kurallar - Orkas Tekstil\",\"isPartOf\":{\"@id\":\"https:\/\/orkastextile.com\/#website\"},\"primaryImageOfPage\":{\"@id\":\"https:\/\/orkastextile.com\/en\/politikaetik-kurallar\/#primaryimage\"},\"image\":{\"@id\":\"https:\/\/orkastextile.com\/en\/politikaetik-kurallar\/#primaryimage\"},\"thumbnailUrl\":\"https:\/\/orkastextile.com\/wp-content\/uploads\/2024\/09\/uretim2.jpg\",\"datePublished\":\"2024-09-12T07:37:42+00:00\",\"dateModified\":\"2024-09-16T14:11:58+00:00\",\"breadcrumb\":{\"@id\":\"https:\/\/orkastextile.com\/en\/politikaetik-kurallar\/#breadcrumb\"},\"inLanguage\":\"en-US\",\"potentialAction\":[{\"@type\":\"ReadAction\",\"target\":[\"https:\/\/orkastextile.com\/en\/politikaetik-kurallar\/\"]}]},{\"@type\":\"ImageObject\",\"inLanguage\":\"en-US\",\"@id\":\"https:\/\/orkastextile.com\/en\/politikaetik-kurallar\/#primaryimage\",\"url\":\"https:\/\/orkastextile.com\/wp-content\/uploads\/2024\/09\/uretim2.jpg\",\"contentUrl\":\"https:\/\/orkastextile.com\/wp-content\/uploads\/2024\/09\/uretim2.jpg\"},{\"@type\":\"BreadcrumbList\",\"@id\":\"https:\/\/orkastextile.com\/en\/politikaetik-kurallar\/#breadcrumb\",\"itemListElement\":[{\"@type\":\"ListItem\",\"position\":1,\"name\":\"Anasayfa\",\"item\":\"https:\/\/orkastextile.com\/\"},{\"@type\":\"ListItem\",\"position\":2,\"name\":\"Politika&amp;Etik Kurallar\"}]},{\"@type\":\"WebSite\",\"@id\":\"https:\/\/orkastextile.com\/#website\",\"url\":\"https:\/\/orkastextile.com\/\",\"name\":\"Orkas Tekstil\",\"description\":\"Orkas Textile\",\"publisher\":{\"@id\":\"https:\/\/orkastextile.com\/#organization\"},\"potentialAction\":[{\"@type\":\"SearchAction\",\"target\":{\"@type\":\"EntryPoint\",\"urlTemplate\":\"https:\/\/orkastextile.com\/?s={search_term_string}\"},\"query-input\":{\"@type\":\"PropertyValueSpecification\",\"valueRequired\":true,\"valueName\":\"search_term_string\"}}],\"inLanguage\":\"en-US\"},{\"@type\":\"Organization\",\"@id\":\"https:\/\/orkastextile.com\/#organization\",\"name\":\"Orkas Tekstil\",\"url\":\"https:\/\/orkastextile.com\/\",\"logo\":{\"@type\":\"ImageObject\",\"inLanguage\":\"en-US\",\"@id\":\"https:\/\/orkastextile.com\/#\/schema\/logo\/image\/\",\"url\":\"https:\/\/orkastextile.com\/wp-content\/uploads\/2024\/09\/logo.jpg\",\"contentUrl\":\"https:\/\/orkastextile.com\/wp-content\/uploads\/2024\/09\/logo.jpg\",\"width\":309,\"height\":318,\"caption\":\"Orkas Tekstil\"},\"image\":{\"@id\":\"https:\/\/orkastextile.com\/#\/schema\/logo\/image\/\"}}]}<\/script>\n<!-- \/ Yoast SEO plugin. -->","yoast_head_json":{"title":"Politika&amp;Etik Kurallar - Orkas Tekstil","robots":{"index":"index","follow":"follow","max-snippet":"max-snippet:-1","max-image-preview":"max-image-preview:large","max-video-preview":"max-video-preview:-1"},"canonical":"https:\/\/orkastextile.com\/en\/politikaetik-kurallar\/","og_locale":"en_US","og_type":"article","og_title":"Politika&amp;Etik Kurallar - Orkas Tekstil","og_description":"ET\u0130K KURALLAR \u00c7al\u0131\u015ft\u0131\u011f\u0131m\u0131z t\u00fcm alt \u00fcreticilerin ve tedarik\u00e7ilerin \u00fcretim s\u00fcre\u00e7lerinin tamam\u0131nda \u201c\u015feffafl\u0131k ilkesine\u201d uygun olarak d\u00fcr\u00fcst ve a\u00e7\u0131k \u00fcretim ili\u015fkileri kurmas\u0131 gerekir. \u015eeffafl\u0131k ilkesinin ihlali bir asgari gereksinim ihlalidir. 15 ya\u015f\u0131n alt\u0131nda \u00e7ocuk i\u015f\u00e7inin \u00e7al\u0131\u015ft\u0131r\u0131lmas\u0131, i\u015fletme i\u00e7erinde \u00fcretim alan\u0131nda 15 ya\u015f\u0131n alt\u0131nda \u00e7ocuk misafir bulunmas\u0131 asgari gereksinim ihlalidir. \u0130\u015fletmede asgari \u00fccretin alt\u0131nda belirlenmi\u015f bir \u00fccretle&hellip;&nbsp;Read More &raquo;Politika&amp;Etik Kurallar","og_url":"https:\/\/orkastextile.com\/en\/politikaetik-kurallar\/","og_site_name":"Orkas Tekstil","article_modified_time":"2024-09-16T14:11:58+00:00","og_image":[{"url":"https:\/\/orkastextile.com\/wp-content\/uploads\/2024\/09\/uretim2.jpg"}],"twitter_card":"summary_large_image","twitter_misc":{"Est. reading time":"2 minutes"},"schema":{"@context":"https:\/\/schema.org","@graph":[{"@type":"WebPage","@id":"https:\/\/orkastextile.com\/en\/politikaetik-kurallar\/","url":"https:\/\/orkastextile.com\/en\/politikaetik-kurallar\/","name":"Politika&amp;Etik Kurallar - Orkas Tekstil","isPartOf":{"@id":"https:\/\/orkastextile.com\/#website"},"primaryImageOfPage":{"@id":"https:\/\/orkastextile.com\/en\/politikaetik-kurallar\/#primaryimage"},"image":{"@id":"https:\/\/orkastextile.com\/en\/politikaetik-kurallar\/#primaryimage"},"thumbnailUrl":"https:\/\/orkastextile.com\/wp-content\/uploads\/2024\/09\/uretim2.jpg","datePublished":"2024-09-12T07:37:42+00:00","dateModified":"2024-09-16T14:11:58+00:00","breadcrumb":{"@id":"https:\/\/orkastextile.com\/en\/politikaetik-kurallar\/#breadcrumb"},"inLanguage":"en-US","potentialAction":[{"@type":"ReadAction","target":["https:\/\/orkastextile.com\/en\/politikaetik-kurallar\/"]}]},{"@type":"ImageObject","inLanguage":"en-US","@id":"https:\/\/orkastextile.com\/en\/politikaetik-kurallar\/#primaryimage","url":"https:\/\/orkastextile.com\/wp-content\/uploads\/2024\/09\/uretim2.jpg","contentUrl":"https:\/\/orkastextile.com\/wp-content\/uploads\/2024\/09\/uretim2.jpg"},{"@type":"BreadcrumbList","@id":"https:\/\/orkastextile.com\/en\/politikaetik-kurallar\/#breadcrumb","itemListElement":[{"@type":"ListItem","position":1,"name":"Anasayfa","item":"https:\/\/orkastextile.com\/"},{"@type":"ListItem","position":2,"name":"Politika&amp;Etik Kurallar"}]},{"@type":"WebSite","@id":"https:\/\/orkastextile.com\/#website","url":"https:\/\/orkastextile.com\/","name":"Orkas Tekstil","description":"Orkas Textile","publisher":{"@id":"https:\/\/orkastextile.com\/#organization"},"potentialAction":[{"@type":"SearchAction","target":{"@type":"EntryPoint","urlTemplate":"https:\/\/orkastextile.com\/?s={search_term_string}"},"query-input":{"@type":"PropertyValueSpecification","valueRequired":true,"valueName":"search_term_string"}}],"inLanguage":"en-US"},{"@type":"Organization","@id":"https:\/\/orkastextile.com\/#organization","name":"Orkas Tekstil","url":"https:\/\/orkastextile.com\/","logo":{"@type":"ImageObject","inLanguage":"en-US","@id":"https:\/\/orkastextile.com\/#\/schema\/logo\/image\/","url":"https:\/\/orkastextile.com\/wp-content\/uploads\/2024\/09\/logo.jpg","contentUrl":"https:\/\/orkastextile.com\/wp-content\/uploads\/2024\/09\/logo.jpg","width":309,"height":318,"caption":"Orkas Tekstil"},"image":{"@id":"https:\/\/orkastextile.com\/#\/schema\/logo\/image\/"}}]}},"_links":{"self":[{"href":"https:\/\/orkastextile.com\/en\/wp-json\/wp\/v2\/pages\/1091","targetHints":{"allow":["GET"]}}],"collection":[{"href":"https:\/\/orkastextile.com\/en\/wp-json\/wp\/v2\/pages"}],"about":[{"href":"https:\/\/orkastextile.com\/en\/wp-json\/wp\/v2\/types\/page"}],"author":[{"embeddable":true,"href":"https:\/\/orkastextile.com\/en\/wp-json\/wp\/v2\/users\/1"}],"replies":[{"embeddable":true,"href":"https:\/\/orkastextile.com\/en\/wp-json\/wp\/v2\/comments?post=1091"}],"version-history":[{"count":22,"href":"https:\/\/orkastextile.com\/en\/wp-json\/wp\/v2\/pages\/1091\/revisions"}],"predecessor-version":[{"id":1307,"href":"https:\/\/orkastextile.com\/en\/wp-json\/wp\/v2\/pages\/1091\/revisions\/1307"}],"wp:attachment":[{"href":"https:\/\/orkastextile.com\/en\/wp-json\/wp\/v2\/media?parent=1091"}],"curies":[{"name":"wp","href":"https:\/\/api.w.org\/{rel}","templated":true}]}}